{"id":4029,"date":"2025-04-01T18:43:10","date_gmt":"2025-04-01T16:43:10","guid":{"rendered":"https:\/\/entextextil.com\/politique-de-cookies\/"},"modified":"2025-06-05T19:06:33","modified_gmt":"2025-06-05T17:06:33","slug":"politique-de-cookies","status":"publish","type":"page","link":"https:\/\/entextextil.com\/fr\/politique-de-cookies\/","title":{"rendered":"Politique de cookies"},"content":{"rendered":"\t\t<div data-elementor-type=\"wp-page\" data-elementor-id=\"4029\" class=\"elementor elementor-4029 elementor-2054\" data-elementor-post-type=\"page\">\n\t\t\t\t<div class=\"elementor-element elementor-element-fdb26bd e-flex e-con-boxed e-con e-parent\" data-id=\"fdb26bd\" data-element_type=\"container\" data-e-type=\"container\" data-settings=\"{&quot;background_background&quot;:&quot;classic&quot;,&quot;_ha_eqh_enable&quot;:false}\">\n\t\t\t\t\t<div class=\"e-con-inner\">\n\t\t<div class=\"elementor-element elementor-element-fa1222f e-con-full e-flex e-con e-child\" data-id=\"fa1222f\" data-element_type=\"container\" data-e-type=\"container\" data-settings=\"{&quot;_ha_eqh_enable&quot;:false}\">\n\t\t<div class=\"elementor-element elementor-element-8b08ad1 e-con-full e-flex e-con e-child\" data-id=\"8b08ad1\" data-element_type=\"container\" data-e-type=\"container\" data-settings=\"{&quot;_ha_eqh_enable&quot;:false}\">\n\t\t\t\t<div class=\"elementor-element elementor-element-6ec4563 animated-fast elementor-widget__width-auto elementor-invisible elementor-widget elementor-widget-heading\" data-id=\"6ec4563\" data-element_type=\"widget\" data-e-type=\"widget\" data-settings=\"{&quot;_animation&quot;:&quot;fadeInUp&quot;}\" data-widget_type=\"heading.default\">\n\t\t\t\t<div class=\"elementor-widget-container\">\n\t\t\t\t\t<p class=\"elementor-heading-title elementor-size-default\">Entex<\/p>\t\t\t\t<\/div>\n\t\t\t\t<\/div>\n\t\t\t\t<div class=\"elementor-element elementor-element-5d94b37 animated-fast elementor-invisible elementor-widget elementor-widget-heading\" data-id=\"5d94b37\" data-element_type=\"widget\" data-e-type=\"widget\" data-settings=\"{&quot;_animation&quot;:&quot;fadeInUp&quot;}\" data-widget_type=\"heading.default\">\n\t\t\t\t<div class=\"elementor-widget-container\">\n\t\t\t\t\t<p class=\"elementor-heading-title elementor-size-default\">Textil\u00ae<\/p>\t\t\t\t<\/div>\n\t\t\t\t<\/div>\n\t\t\t\t<\/div>\n\t\t<div class=\"elementor-element elementor-element-f178c47 e-con-full e-flex e-con e-child\" data-id=\"f178c47\" data-element_type=\"container\" data-e-type=\"container\" data-settings=\"{&quot;_ha_eqh_enable&quot;:false}\">\n\t\t\t\t<div class=\"elementor-element elementor-element-91ab13e animated-fast elementor-invisible elementor-widget elementor-widget-heading\" data-id=\"91ab13e\" data-element_type=\"widget\" data-e-type=\"widget\" data-settings=\"{&quot;_animation&quot;:&quot;fadeInUp&quot;}\" data-widget_type=\"heading.default\">\n\t\t\t\t<div class=\"elementor-widget-container\">\n\t\t\t\t\t<h1 class=\"elementor-heading-title elementor-size-default\">Politique de cookies<\/h1>\t\t\t\t<\/div>\n\t\t\t\t<\/div>\n\t\t\t\t<\/div>\n\t\t\t\t<\/div>\n\t\t\t\t\t<\/div>\n\t\t\t\t<\/div>\n\t\t<div class=\"elementor-element elementor-element-b7d971d e-flex e-con-boxed e-con e-parent\" data-id=\"b7d971d\" data-element_type=\"container\" data-e-type=\"container\" data-settings=\"{&quot;_ha_eqh_enable&quot;:false}\">\n\t\t\t\t\t<div class=\"e-con-inner\">\n\t\t\t\t<div class=\"elementor-element elementor-element-7f1a4ab elementor-widget elementor-widget-text-editor\" data-id=\"7f1a4ab\" data-element_type=\"widget\" data-e-type=\"widget\" data-widget_type=\"text-editor.default\">\n\t\t\t\t<div class=\"elementor-widget-container\">\n\t\t\t\t\t\t\t\t\t<h4 class=\"title-info-page\"><strong>QU&rsquo;EST-CE QU&rsquo;UN COOKIE ?<\/strong><\/h4><p> <\/p><p>Un cookie est un fichier ou un dispositif qui est t\u00e9l\u00e9charg\u00e9 sur l&rsquo;ordinateur, la tablette ou le t\u00e9l\u00e9phone portable lorsque l&rsquo;utilisateur navigue sur Internet, dans le but de stocker des donn\u00e9es qui peuvent \u00eatre mises \u00e0 jour et r\u00e9cup\u00e9r\u00e9es par l&rsquo;entit\u00e9 responsable de son installation.<\/p><p>L&rsquo;objectif premier des cookies est de permettre \u00e0 l&rsquo;utilisateur d&rsquo;acc\u00e9der plus rapidement aux services s\u00e9lectionn\u00e9s. En outre, les cookies personnalisent les services offerts par le site Web, en fournissant et en proposant \u00e0 chaque utilisateur des informations qui l&rsquo;int\u00e9ressent ou qui peuvent l&rsquo;int\u00e9resser, en fonction de son utilisation des services. <\/p><p>Le site Web utilise des cookies pour personnaliser et faciliter au maximum la navigation de l&rsquo;utilisateur. Les cookies sont uniquement associ\u00e9s \u00e0 un utilisateur anonyme et \u00e0 son ordinateur et ne fournissent pas de r\u00e9f\u00e9rences permettant de d\u00e9duire les donn\u00e9es personnelles de l&rsquo;utilisateur. L&rsquo;utilisateur peut configurer son navigateur pour qu&rsquo;il signale et refuse l&rsquo;installation des cookies envoy\u00e9s par le site Web, sans que cela n&rsquo;affecte la capacit\u00e9 de l&rsquo;utilisateur \u00e0 acc\u00e9der aux contenus. Cependant, l&rsquo;Utilisateur doit tenir compte, dans tous les cas, du fait que la qualit\u00e9 de fonctionnement du site Web peut \u00eatre r\u00e9duite.   <\/p><h4 class=\"title-info-page\"><strong>NOTRE POLITIQUE EN MATI\u00c8RE DE COOKIES<\/strong><\/h4><p> <\/p><p>Pour utiliser pleinement ce site web, vous devez accepter les cookies, car de nombreuses fonctions en ligne ont \u00e9t\u00e9 sp\u00e9cifiquement con\u00e7ues pour fonctionner \u00e0 l&rsquo;aide de cookies. Il est important de noter que les cookies install\u00e9s par ce site web ne stockent aucune de vos informations personnelles ou donn\u00e9es sensibles. <\/p><p>Ci-dessous, les cookies sont class\u00e9s selon une s\u00e9rie de cat\u00e9gories. Il convient toutefois de noter qu&rsquo;un m\u00eame cookie peut \u00eatre inclus dans plus d&rsquo;une cat\u00e9gorie. <\/p><p><strong>a) TYPES DE COOKIES SELON L&rsquo;ENTIT\u00c9 QUI LES G\u00c9RERA<\/strong><\/p><p>En fonction de l&rsquo;entit\u00e9 qui g\u00e8re l&rsquo;\u00e9quipement ou le domaine \u00e0 partir duquel les cookies sont envoy\u00e9s et qui traite les donn\u00e9es obtenues, nous pouvons faire une distinction :<\/p><p><strong>Cookies propres :<\/strong> ce sont ceux qui sont envoy\u00e9s \u00e0 l \u00ab \u00e9quipement terminal de l&rsquo;utilisateur \u00e0 partir d&rsquo;un ordinateur ou d&rsquo;un domaine g\u00e9r\u00e9 par l \u00bb \u00e9diteur lui-m\u00eame et \u00e0 partir duquel le service demand\u00e9 par l&rsquo;utilisateur est fourni.<\/p><p><strong>Cookies de tiers :<\/strong> ce sont ceux qui sont envoy\u00e9s \u00e0 l \u00ab \u00e9quipement terminal de l&rsquo;utilisateur \u00e0 partir d&rsquo;un ordinateur ou d&rsquo;un domaine qui n&rsquo;est pas g\u00e9r\u00e9 par l \u00bb \u00e9diteur, mais par une autre entit\u00e9 qui traite les donn\u00e9es obtenues par le biais des cookies.<\/p><p>Dans le cas o\u00f9 les cookies sont install\u00e9s \u00e0 partir d&rsquo;un ordinateur ou d&rsquo;un domaine g\u00e9r\u00e9 par l&rsquo;\u00e9diteur lui-m\u00eame mais que les informations collect\u00e9es \u00e0 travers eux sont g\u00e9r\u00e9es par un tiers, ils ne peuvent pas \u00eatre consid\u00e9r\u00e9s comme des cookies propres.<\/p><p><strong>b) TYPES DE COOKIES EN FONCTION DE LA P\u00c9RIODE DE TEMPS DURANT LAQUELLE ILS RESTENT ACTIFS<\/strong><\/p><p>En fonction de la dur\u00e9e pendant laquelle ils restent activ\u00e9s dans l&rsquo;\u00e9quipement terminal, on peut faire une distinction :<\/p><p><strong>Cookies de session :<\/strong> il s&rsquo;agit d&rsquo;un type de cookie con\u00e7u pour collecter et stocker des donn\u00e9es pendant que l&rsquo;utilisateur acc\u00e8de \u00e0 une page web.<\/p><p>Ils sont g\u00e9n\u00e9ralement utilis\u00e9s pour stocker des informations qui ne sont pertinentes que pour la fourniture du service demand\u00e9 par l&rsquo;utilisateur en une seule occasion (par exemple, une liste de produits achet\u00e9s).<\/p><p><strong>Cookies persistants :<\/strong> Il s&rsquo;agit d&rsquo;un type de cookie dans lequel les donn\u00e9es restent stock\u00e9es dans le terminal et peuvent \u00eatre consult\u00e9es et trait\u00e9es pendant une p\u00e9riode d\u00e9finie par le responsable du cookie, qui peut aller de quelques minutes \u00e0 plusieurs ann\u00e9es.<\/p><p><strong>c) TYPES DE COOKIES PAR OBJECTIF<\/strong><\/p><p>En fonction de la finalit\u00e9 du traitement des donn\u00e9es obtenues par le biais des cookies, nous pouvons faire la distinction entre<\/p><p><strong>Cookies techniques :<\/strong> Ce sont ceux qui permettent \u00e0 l&rsquo;utilisateur de naviguer sur un site web, une plateforme ou une application et d&rsquo;utiliser les diff\u00e9rentes options ou services qui y existent comme, par exemple, le contr\u00f4le du trafic et de la communication des donn\u00e9es, l&rsquo;identification de la session, l&rsquo;acc\u00e8s aux zones d&rsquo;acc\u00e8s restreint, la m\u00e9morisation des \u00e9l\u00e9ments qui composent une commande, l&rsquo;ex\u00e9cution du processus d&rsquo;achat d&rsquo;une commande, la r\u00e9alisation de la demande d&rsquo;inscription ou de participation \u00e0 un \u00e9v\u00e9nement, l&rsquo;utilisation d&rsquo;\u00e9l\u00e9ments de s\u00e9curit\u00e9 pendant la navigation, le stockage de contenus pour la diffusion de vid\u00e9os ou de sons ou le partage de contenus \u00e0 travers les r\u00e9seaux sociaux.<\/p><p><strong>Cookies de personnalisation :<\/strong> Ces cookies permettent \u00e0 l&rsquo;utilisateur d&rsquo;acc\u00e9der au service avec certaines caract\u00e9ristiques g\u00e9n\u00e9rales pr\u00e9d\u00e9finies en fonction d&rsquo;une s\u00e9rie de crit\u00e8res pr\u00e9sents dans le terminal de l&rsquo;utilisateur, tels que la langue, le type de navigateur utilis\u00e9 pour acc\u00e9der au service, la configuration r\u00e9gionale \u00e0 partir de laquelle on acc\u00e8de au service, etc.<\/p><p><strong>Cookies d&rsquo;analyse :<\/strong> Ces cookies permettent au responsable de surveiller et d&rsquo;analyser le comportement des utilisateurs des sites web auxquels ils sont li\u00e9s. Les informations collect\u00e9es par ce type de cookies sont utilis\u00e9es pour mesurer l&rsquo;activit\u00e9 des sites web, de l&rsquo;application ou de la plateforme et pour l&rsquo;\u00e9laboration de profils de navigation des utilisateurs de ces sites, applications et plateformes, afin d&rsquo;introduire des am\u00e9liorations bas\u00e9es sur l&rsquo;analyse des donn\u00e9es relatives \u00e0 l&rsquo;utilisation faite par les utilisateurs du service. <\/p><p><strong>Cookies publicitaires :<\/strong> Ce sont ceux qui permettent de g\u00e9rer, de la mani\u00e8re la plus efficace possible, les espaces publicitaires que, le cas \u00e9ch\u00e9ant, l&rsquo;\u00e9diteur a inclus sur un site web, une application ou une plateforme \u00e0 partir de laquelle le service demand\u00e9 est fourni, sur la base de crit\u00e8res tels que le contenu \u00e9dit\u00e9 ou la fr\u00e9quence \u00e0 laquelle les publicit\u00e9s sont affich\u00e9es.<\/p><p><strong>Cookies de publicit\u00e9 comportementale :<\/strong> Ces cookies permettent de g\u00e9rer, de la mani\u00e8re la plus efficace possible, les espaces publicitaires que, le cas \u00e9ch\u00e9ant, l&rsquo;\u00e9diteur a inclus sur un site web, une application ou une plateforme \u00e0 partir de laquelle le service demand\u00e9 est fourni. Ces cookies stockent des informations sur le comportement des utilisateurs obtenues gr\u00e2ce \u00e0 l&rsquo;observation continue de leurs habitudes de navigation, ce qui permet de d\u00e9velopper un profil sp\u00e9cifique afin d&rsquo;afficher des publicit\u00e9s bas\u00e9es sur ce dernier. <\/p><h4 class=\"title-info-page\"><strong>ACCEPTATION EXPRESSE<\/strong><\/h4><p> <\/p><p>L&rsquo;utilisateur accepte express\u00e9ment, en naviguant dans les diff\u00e9rentes sections de ce site web, le traitement des informations collect\u00e9es de la mani\u00e8re et aux fins susmentionn\u00e9es. L&rsquo;utilisateur d\u00e9clare \u00e9galement conna\u00eetre la possibilit\u00e9 de s&rsquo;opposer au traitement de ces donn\u00e9es ou informations en refusant l&rsquo;utilisation des cookies en s\u00e9lectionnant les param\u00e8tres appropri\u00e9s \u00e0 cet effet dans son navigateur. Toutefois, cette option de blocage des cookies dans votre navigateur peut ne pas vous permettre d&rsquo;utiliser pleinement toutes les fonctionnalit\u00e9s de notre site web.  <\/p><h4 class=\"title-info-page\"><strong>GESTION DES COOKIES<\/strong><\/h4><p> <\/p><ul><li><strong>Que se passe-t-il si les cookies ne sont pas autoris\u00e9s ou sont d\u00e9sactiv\u00e9s ?<\/strong><\/li><\/ul><p>Votre exp\u00e9rience sur le site web peut \u00eatre limit\u00e9e et certaines fonctionnalit\u00e9s des services peuvent \u00eatre d\u00e9sactiv\u00e9es, comme le fait de rester connect\u00e9.<\/p><ul><li><strong>Comment d\u00e9sactiver\/activer les cookies ?<\/strong><\/li><\/ul><p>Pour d\u00e9sactiver\/activer les cookies sur l&rsquo;appareil, l&rsquo;utilisateur devra le faire par le biais de son navigateur Internet.<\/p><p>Tous les navigateurs modernes vous permettent de modifier les param\u00e8tres de vos cookies. Ces param\u00e8tres se trouvent g\u00e9n\u00e9ralement dans le menu \u00ab options \u00bb ou \u00ab pr\u00e9f\u00e9rences \u00bb de votre navigateur. <\/p><p>Vous pouvez activer, d\u00e9sactiver, bloquer ou supprimer ces cookies \u00e0 tout moment en utilisant les outils de votre navigateur web :<\/p><p>Pour Internet Explorer, veuillez consulter le lien suivant <a href=\"https:\/\/support.microsoft.com\/es-es\/products\/internet-explorer\" target=\"_blank\" rel=\"noopener\">: https:\/\/support.microsoft.com\/es-es\/products\/internet-explorer<\/a><\/p><p>Pour Mozilla Firefox, veuillez consulter le lien suivant <a href=\"https:\/\/support.mozilla.org\/en-US\/kb\/cookies-information-websites-store-on-your-computer?redirectlocale=en-US&amp;redirectslug=Cookies\" target=\"_blank\" rel=\"noopener\">https:\/\/support.mozilla.org\/en-US\/kb\/cookies-information-websites-store-on-your-computer?redirectlocale=en-US&amp;redirectslug=Cookies<\/a><\/p><p>Pour Google Chrome, veuillez vous r\u00e9f\u00e9rer au lien suivant <a href=\"https:\/\/support.google.com\/chrome\/answer\/95647?hl=es\" target=\"_blank\" rel=\"noopener\">https:\/\/support.google.com\/chrome\/answer\/95647?hl=es<\/a><\/p><ul><li><strong>Comment d\u00e9sactiver les cookies de tiers ?<\/strong><\/li><\/ul><p>Les cookies de tiers ne sont pas install\u00e9s par nous. Nous vous sugg\u00e9rons donc de consulter les sites web de ces tiers pour obtenir des informations sur les cookies qu&rsquo;ils installent et sur la mani\u00e8re dont ils peuvent \u00eatre g\u00e9r\u00e9s. <\/p><h4 class=\"title-info-page\"><strong>MISES A JOUR ET MODIFICATIONS DE LA POLITIQUE EN MATIERE DE CONFIDENTIALITE ET DE COOKIES<\/strong><\/h4><p> <\/p><p>Le site web peut modifier cette politique de cookies en fonction des exigences l\u00e9gislatives ou r\u00e9glementaires, ou pour l&rsquo;adapter aux instructions de l&rsquo;Agence espagnole de protection des donn\u00e9es, raison pour laquelle il est conseill\u00e9 aux utilisateurs de la consulter r\u00e9guli\u00e8rement.<\/p><p>Lorsque des modifications importantes sont apport\u00e9es \u00e0 la pr\u00e9sente politique en mati\u00e8re de cookies, elles sont communiqu\u00e9es aux utilisateurs par le biais du site web ou par courrier \u00e9lectronique.<\/p>\t\t\t\t\t\t\t\t<\/div>\n\t\t\t\t<\/div>\n\t\t\t\t\t<\/div>\n\t\t\t\t<\/div>\n\t\t\t\t<\/div>\n\t\t","protected":false},"excerpt":{"rendered":"<p>Entex Textil\u00ae Politique de cookies QU&rsquo;EST-CE QU&rsquo;UN COOKIE ? Un cookie est un fichier ou un dispositif qui est t\u00e9l\u00e9charg\u00e9 [&hellip;]<\/p>\n","protected":false},"author":1,"featured_media":0,"parent":0,"menu_order":0,"comment_status":"closed","ping_status":"closed","template":"","meta":{"site-sidebar-layout":"no-sidebar","site-content-layout":"","ast-site-content-layout":"full-width-container","site-content-style":"default","site-sidebar-style":"default","ast-global-header-display":"","ast-banner-title-visibility":"","ast-main-header-display":"","ast-hfb-above-header-display":"","ast-hfb-below-header-display":"","ast-hfb-mobile-header-display":"","site-post-title":"disabled","ast-breadcrumbs-content":"","ast-featured-img":"disabled","footer-sml-layout":"","ast-disable-related-posts":"","theme-transparent-header-meta":"","adv-header-id-meta":"","stick-header-meta":"","header-above-stick-meta":"","header-main-stick-meta":"","header-below-stick-meta":"","astra-migrate-meta-layouts":"default","ast-page-background-enabled":"default","ast-page-background-meta":{"desktop":{"background-color":"var(--ast-global-color-4)","background-image":"","background-repeat":"repeat","background-position":"center center","background-size":"auto","background-attachment":"scroll","background-type":"","background-media":"","overlay-type":"","overlay-color":"","overlay-opacity":"","overlay-gradient":""},"tablet":{"background-color":"","background-image":"","background-repeat":"repeat","background-position":"center center","background-size":"auto","background-attachment":"scroll","background-type":"","background-media":"","overlay-type":"","overlay-color":"","overlay-opacity":"","overlay-gradient":""},"mobile":{"background-color":"","background-image":"","background-repeat":"repeat","background-position":"center center","background-size":"auto","background-attachment":"scroll","background-type":"","background-media":"","overlay-type":"","overlay-color":"","overlay-opacity":"","overlay-gradient":""}},"ast-content-background-meta":{"desktop":{"background-color":"var(--ast-global-color-5)","background-image":"","background-repeat":"repeat","background-position":"center center","background-size":"auto","background-attachment":"scroll","background-type":"","background-media":"","overlay-type":"","overlay-color":"","overlay-opacity":"","overlay-gradient":""},"tablet":{"background-color":"var(--ast-global-color-5)","background-image":"","background-repeat":"repeat","background-position":"center center","background-size":"auto","background-attachment":"scroll","background-type":"","background-media":"","overlay-type":"","overlay-color":"","overlay-opacity":"","overlay-gradient":""},"mobile":{"background-color":"var(--ast-global-color-5)","background-image":"","background-repeat":"repeat","background-position":"center center","background-size":"auto","background-attachment":"scroll","background-type":"","background-media":"","overlay-type":"","overlay-color":"","overlay-opacity":"","overlay-gradient":""}},"footnotes":""},"class_list":["post-4029","page","type-page","status-publish","hentry"],"yoast_head":"<!-- This site is optimized with the Yoast SEO plugin v27.5 - https:\/\/yoast.com\/product\/yoast-seo-wordpress\/ -->\n<title>Politique de cookies - Entex Textil<\/title>\n<meta name=\"robots\" content=\"noindex, nofollow\" \/>\n<meta property=\"og:locale\" content=\"fr_FR\" \/>\n<meta property=\"og:type\" content=\"article\" \/>\n<meta property=\"og:title\" content=\"Politique de cookies - Entex Textil\" \/>\n<meta property=\"og:description\" content=\"Entex Textil\u00ae Politique de cookies QU&rsquo;EST-CE QU&rsquo;UN COOKIE ? Un cookie est un fichier ou un dispositif qui est t\u00e9l\u00e9charg\u00e9 [&hellip;]\" \/>\n<meta property=\"og:url\" content=\"https:\/\/entextextil.com\/fr\/politique-de-cookies\/\" \/>\n<meta property=\"og:site_name\" content=\"Entex Textil\" \/>\n<meta property=\"article:modified_time\" content=\"2025-06-05T17:06:33+00:00\" \/>\n<meta name=\"twitter:card\" content=\"summary_large_image\" \/>\n<meta name=\"twitter:label1\" content=\"Dur\u00e9e de lecture estim\u00e9e\" \/>\n\t<meta name=\"twitter:data1\" content=\"6 minutes\" \/>\n<script type=\"application\/ld+json\" class=\"yoast-schema-graph\">{\"@context\":\"https:\\\/\\\/schema.org\",\"@graph\":[{\"@type\":\"WebPage\",\"@id\":\"https:\\\/\\\/entextextil.com\\\/fr\\\/politique-de-cookies\\\/\",\"url\":\"https:\\\/\\\/entextextil.com\\\/fr\\\/politique-de-cookies\\\/\",\"name\":\"Politique de cookies - Entex Textil\",\"isPartOf\":{\"@id\":\"https:\\\/\\\/entextextil.com\\\/fr\\\/#website\"},\"datePublished\":\"2025-04-01T16:43:10+00:00\",\"dateModified\":\"2025-06-05T17:06:33+00:00\",\"breadcrumb\":{\"@id\":\"https:\\\/\\\/entextextil.com\\\/fr\\\/politique-de-cookies\\\/#breadcrumb\"},\"inLanguage\":\"fr-FR\",\"potentialAction\":[{\"@type\":\"ReadAction\",\"target\":[\"https:\\\/\\\/entextextil.com\\\/fr\\\/politique-de-cookies\\\/\"]}]},{\"@type\":\"BreadcrumbList\",\"@id\":\"https:\\\/\\\/entextextil.com\\\/fr\\\/politique-de-cookies\\\/#breadcrumb\",\"itemListElement\":[{\"@type\":\"ListItem\",\"position\":1,\"name\":\"Portada\",\"item\":\"https:\\\/\\\/entextextil.com\\\/fr\\\/home\\\/\"},{\"@type\":\"ListItem\",\"position\":2,\"name\":\"Politique de cookies\"}]},{\"@type\":\"WebSite\",\"@id\":\"https:\\\/\\\/entextextil.com\\\/fr\\\/#website\",\"url\":\"https:\\\/\\\/entextextil.com\\\/fr\\\/\",\"name\":\"Entex Textil\",\"description\":\"Empresa textil especializada en tejidos y acabados de alta calidad\",\"publisher\":{\"@id\":\"https:\\\/\\\/entextextil.com\\\/fr\\\/#organization\"},\"potentialAction\":[{\"@type\":\"SearchAction\",\"target\":{\"@type\":\"EntryPoint\",\"urlTemplate\":\"https:\\\/\\\/entextextil.com\\\/fr\\\/?s={search_term_string}\"},\"query-input\":{\"@type\":\"PropertyValueSpecification\",\"valueRequired\":true,\"valueName\":\"search_term_string\"}}],\"inLanguage\":\"fr-FR\"},{\"@type\":\"Organization\",\"@id\":\"https:\\\/\\\/entextextil.com\\\/fr\\\/#organization\",\"name\":\"Entex Textil\",\"url\":\"https:\\\/\\\/entextextil.com\\\/fr\\\/\",\"logo\":{\"@type\":\"ImageObject\",\"inLanguage\":\"fr-FR\",\"@id\":\"https:\\\/\\\/entextextil.com\\\/fr\\\/#\\\/schema\\\/logo\\\/image\\\/\",\"url\":\"https:\\\/\\\/entextextil.com\\\/wp-content\\\/uploads\\\/2024\\\/12\\\/logo_entex-1.webp\",\"contentUrl\":\"https:\\\/\\\/entextextil.com\\\/wp-content\\\/uploads\\\/2024\\\/12\\\/logo_entex-1.webp\",\"width\":406,\"height\":160,\"caption\":\"Entex Textil\"},\"image\":{\"@id\":\"https:\\\/\\\/entextextil.com\\\/fr\\\/#\\\/schema\\\/logo\\\/image\\\/\"},\"sameAs\":[\"https:\\\/\\\/www.linkedin.com\\\/company\\\/entex-textil\\\/\"]}]}<\/script>\n<!-- \/ Yoast SEO plugin. -->","yoast_head_json":{"title":"Politique de cookies - Entex Textil","robots":{"index":"noindex","follow":"nofollow"},"og_locale":"fr_FR","og_type":"article","og_title":"Politique de cookies - Entex Textil","og_description":"Entex Textil\u00ae Politique de cookies QU&rsquo;EST-CE QU&rsquo;UN COOKIE ? Un cookie est un fichier ou un dispositif qui est t\u00e9l\u00e9charg\u00e9 [&hellip;]","og_url":"https:\/\/entextextil.com\/fr\/politique-de-cookies\/","og_site_name":"Entex Textil","article_modified_time":"2025-06-05T17:06:33+00:00","twitter_card":"summary_large_image","twitter_misc":{"Dur\u00e9e de lecture estim\u00e9e":"6 minutes"},"schema":{"@context":"https:\/\/schema.org","@graph":[{"@type":"WebPage","@id":"https:\/\/entextextil.com\/fr\/politique-de-cookies\/","url":"https:\/\/entextextil.com\/fr\/politique-de-cookies\/","name":"Politique de cookies - Entex Textil","isPartOf":{"@id":"https:\/\/entextextil.com\/fr\/#website"},"datePublished":"2025-04-01T16:43:10+00:00","dateModified":"2025-06-05T17:06:33+00:00","breadcrumb":{"@id":"https:\/\/entextextil.com\/fr\/politique-de-cookies\/#breadcrumb"},"inLanguage":"fr-FR","potentialAction":[{"@type":"ReadAction","target":["https:\/\/entextextil.com\/fr\/politique-de-cookies\/"]}]},{"@type":"BreadcrumbList","@id":"https:\/\/entextextil.com\/fr\/politique-de-cookies\/#breadcrumb","itemListElement":[{"@type":"ListItem","position":1,"name":"Portada","item":"https:\/\/entextextil.com\/fr\/home\/"},{"@type":"ListItem","position":2,"name":"Politique de cookies"}]},{"@type":"WebSite","@id":"https:\/\/entextextil.com\/fr\/#website","url":"https:\/\/entextextil.com\/fr\/","name":"Entex Textil","description":"Empresa textil especializada en tejidos y acabados de alta calidad","publisher":{"@id":"https:\/\/entextextil.com\/fr\/#organization"},"potentialAction":[{"@type":"SearchAction","target":{"@type":"EntryPoint","urlTemplate":"https:\/\/entextextil.com\/fr\/?s={search_term_string}"},"query-input":{"@type":"PropertyValueSpecification","valueRequired":true,"valueName":"search_term_string"}}],"inLanguage":"fr-FR"},{"@type":"Organization","@id":"https:\/\/entextextil.com\/fr\/#organization","name":"Entex Textil","url":"https:\/\/entextextil.com\/fr\/","logo":{"@type":"ImageObject","inLanguage":"fr-FR","@id":"https:\/\/entextextil.com\/fr\/#\/schema\/logo\/image\/","url":"https:\/\/entextextil.com\/wp-content\/uploads\/2024\/12\/logo_entex-1.webp","contentUrl":"https:\/\/entextextil.com\/wp-content\/uploads\/2024\/12\/logo_entex-1.webp","width":406,"height":160,"caption":"Entex Textil"},"image":{"@id":"https:\/\/entextextil.com\/fr\/#\/schema\/logo\/image\/"},"sameAs":["https:\/\/www.linkedin.com\/company\/entex-textil\/"]}]}},"_links":{"self":[{"href":"https:\/\/entextextil.com\/fr\/wp-json\/wp\/v2\/pages\/4029","targetHints":{"allow":["GET"]}}],"collection":[{"href":"https:\/\/entextextil.com\/fr\/wp-json\/wp\/v2\/pages"}],"about":[{"href":"https:\/\/entextextil.com\/fr\/wp-json\/wp\/v2\/types\/page"}],"author":[{"embeddable":true,"href":"https:\/\/entextextil.com\/fr\/wp-json\/wp\/v2\/users\/1"}],"replies":[{"embeddable":true,"href":"https:\/\/entextextil.com\/fr\/wp-json\/wp\/v2\/comments?post=4029"}],"version-history":[{"count":0,"href":"https:\/\/entextextil.com\/fr\/wp-json\/wp\/v2\/pages\/4029\/revisions"}],"wp:attachment":[{"href":"https:\/\/entextextil.com\/fr\/wp-json\/wp\/v2\/media?parent=4029"}],"curies":[{"name":"wp","href":"https:\/\/api.w.org\/{rel}","templated":true}]}}