{"id":4015,"date":"2025-04-07T17:30:30","date_gmt":"2025-04-07T15:30:30","guid":{"rendered":"https:\/\/entextextil.com\/politique-de-confidentialite\/"},"modified":"2025-06-05T19:16:37","modified_gmt":"2025-06-05T17:16:37","slug":"politique-de-confidentialite","status":"publish","type":"page","link":"https:\/\/entextextil.com\/fr\/politique-de-confidentialite\/","title":{"rendered":"Politique de confidentialit\u00e9"},"content":{"rendered":"\t\t<div data-elementor-type=\"wp-page\" data-elementor-id=\"4015\" class=\"elementor elementor-4015 elementor-2586\" data-elementor-post-type=\"page\">\n\t\t\t\t<div class=\"elementor-element elementor-element-fdb26bd e-flex e-con-boxed e-con e-parent\" data-id=\"fdb26bd\" data-element_type=\"container\" data-e-type=\"container\" data-settings=\"{&quot;background_background&quot;:&quot;classic&quot;,&quot;_ha_eqh_enable&quot;:false}\">\n\t\t\t\t\t<div class=\"e-con-inner\">\n\t\t<div class=\"elementor-element elementor-element-fa1222f e-con-full e-flex e-con e-child\" data-id=\"fa1222f\" data-element_type=\"container\" data-e-type=\"container\" data-settings=\"{&quot;_ha_eqh_enable&quot;:false}\">\n\t\t<div class=\"elementor-element elementor-element-8b08ad1 e-con-full e-flex e-con e-child\" data-id=\"8b08ad1\" data-element_type=\"container\" data-e-type=\"container\" data-settings=\"{&quot;_ha_eqh_enable&quot;:false}\">\n\t\t\t\t<div class=\"elementor-element elementor-element-6ec4563 animated-fast elementor-widget__width-auto elementor-invisible elementor-widget elementor-widget-heading\" data-id=\"6ec4563\" data-element_type=\"widget\" data-e-type=\"widget\" data-settings=\"{&quot;_animation&quot;:&quot;fadeInUp&quot;}\" data-widget_type=\"heading.default\">\n\t\t\t\t<div class=\"elementor-widget-container\">\n\t\t\t\t\t<p class=\"elementor-heading-title elementor-size-default\">Entex<\/p>\t\t\t\t<\/div>\n\t\t\t\t<\/div>\n\t\t\t\t<div class=\"elementor-element elementor-element-5d94b37 animated-fast elementor-invisible elementor-widget elementor-widget-heading\" data-id=\"5d94b37\" data-element_type=\"widget\" data-e-type=\"widget\" data-settings=\"{&quot;_animation&quot;:&quot;fadeInUp&quot;}\" data-widget_type=\"heading.default\">\n\t\t\t\t<div class=\"elementor-widget-container\">\n\t\t\t\t\t<p class=\"elementor-heading-title elementor-size-default\">Textil\u00ae<\/p>\t\t\t\t<\/div>\n\t\t\t\t<\/div>\n\t\t\t\t<\/div>\n\t\t<div class=\"elementor-element elementor-element-f178c47 e-con-full e-flex e-con e-child\" data-id=\"f178c47\" data-element_type=\"container\" data-e-type=\"container\" data-settings=\"{&quot;_ha_eqh_enable&quot;:false}\">\n\t\t\t\t<div class=\"elementor-element elementor-element-91ab13e animated-fast elementor-invisible elementor-widget elementor-widget-heading\" data-id=\"91ab13e\" data-element_type=\"widget\" data-e-type=\"widget\" data-settings=\"{&quot;_animation&quot;:&quot;fadeInUp&quot;}\" data-widget_type=\"heading.default\">\n\t\t\t\t<div class=\"elementor-widget-container\">\n\t\t\t\t\t<h1 class=\"elementor-heading-title elementor-size-default\">Politique de confidentialit\u00e9<\/h1>\t\t\t\t<\/div>\n\t\t\t\t<\/div>\n\t\t\t\t<\/div>\n\t\t\t\t<\/div>\n\t\t\t\t\t<\/div>\n\t\t\t\t<\/div>\n\t\t<div class=\"elementor-element elementor-element-b7d971d e-flex e-con-boxed e-con e-parent\" data-id=\"b7d971d\" data-element_type=\"container\" data-e-type=\"container\" data-settings=\"{&quot;_ha_eqh_enable&quot;:false}\">\n\t\t\t\t\t<div class=\"e-con-inner\">\n\t\t\t\t<div class=\"elementor-element elementor-element-7f1a4ab elementor-widget elementor-widget-text-editor\" data-id=\"7f1a4ab\" data-element_type=\"widget\" data-e-type=\"widget\" data-widget_type=\"text-editor.default\">\n\t\t\t\t<div class=\"elementor-widget-container\">\n\t\t\t\t\t\t\t\t\t<div class=\"elementor-element elementor-element-a6517ee e-con-full e-flex e-con e-child\" data-id=\"a6517ee\" data-element_type=\"container\"><div class=\"elementor-element elementor-element-38af110 elementor-widget elementor-widget-heading\" data-id=\"38af110\" data-element_type=\"widget\" data-widget_type=\"heading.default\"><div class=\"elementor-widget-container\"><h2>1. Responsable du traitement<\/h2><p><br>Le responsable du traitement de vos donn\u00e9es personnelles est:<\/p><p><strong>ENTEX TEXTIL S.L. <\/strong>(ci-apr\u00e8s, \u00ab\u202fENTEX TEXTIL\u202f\u00bb) <br><strong>Si\u00e8ge social : <\/strong>Avda. de las Canteras 26, Pol\u00edgono Valmor, 28343 Valdemoro (Madrid) <br><strong>N.I.F. <\/strong>B23010341 <br><strong>E-mail : <\/strong><a href=\"mailto:info@entextextil.com\">info@entextextil.com <\/a><br><strong>T\u00e9l\u00e9phone :<\/strong> <a href=\"tel:+34918953012\">+34 91 895 30 12<\/a><\/p><h2>2. Finalit\u00e9s du traitement<\/h2><p><br>Les donn\u00e9es \u00e0 caract\u00e8re personnel que vous nous fournissez par l&rsquo;interm\u00e9diaire de notre site web ou de tout autre moyen que nous mettons \u00e0 votre disposition peuvent \u00eatre trait\u00e9es aux fins suivantes :<\/p><p>\u00c9valuer votre aptitude \u00e0 l&#8217;emploi pour le poste demand\u00e9, ainsi que pour les postes qui pourraient devenir vacants \u00e0 l&rsquo;avenir ;<\/p><ul><li>Gestion des candidatures ;<br>o Communication d&rsquo;offres, de postes vacants et de recommandations personnalis\u00e9es sur la base des informations fournies ;<\/li><li>T\u00e2ches administratives ;<br>o Effectuer des analyses sur la base de donn\u00e9es afin d&rsquo;am\u00e9liorer le processus de s\u00e9lection, la recherche de talents et d&rsquo;excellence ;<\/li><li>Communication des donn\u00e9es \u00e0 l&rsquo;\u00e9quipe et aux chefs de projet n\u00e9cessitant des profils professionnels ;<\/li><li>Faire des rapports et s&rsquo;occuper d&rsquo;autres questions \u00e9ventuelles exig\u00e9es par la loi ou l&rsquo;autorit\u00e9.<br>L&rsquo;utilisateur garantit que les donn\u00e9es personnelles fournies \u00e0 ENTEX TETIL sont vraies et exactes, de sorte qu&rsquo;ENTEX TETIL ne sera pas responsable de toute incidence d\u00e9riv\u00e9e de l&rsquo;inexactitude ou de la fausset\u00e9 de l&rsquo;information fournie.<\/li><\/ul><h2>3. Crit\u00e8res de conservation des donn\u00e9es<br><br><\/h2><ul><li>Demandes d&rsquo;adh\u00e9sion \u00e0 des programmes et projets organis\u00e9s ou g\u00e9r\u00e9s par ENTEX TETIL : les donn\u00e9es personnelles ainsi collect\u00e9es seront conserv\u00e9es pendant la dur\u00e9e du programme ou du projet en question. Au terme de cette p\u00e9riode, les donn\u00e9es personnelles seront conserv\u00e9es par ENTEX TEXTIL dans les cas o\u00f9 des responsabilit\u00e9s peuvent se pr\u00e9senter avec ENTEX TEXTIL et\/ou d&rsquo;autres tiers impliqu\u00e9s dans le programme ou projet correspondant, ainsi que lorsque le cadre r\u00e9glementaire applicable \u00e0 ENTEX TETIL l&rsquo;exige.<br>o Contrats, accords ou conventions sign\u00e9s avec ENTEX TEXTIL : les donn\u00e9es personnelles fournies dans ces contrats, accords ou conventions seront conserv\u00e9es jusqu&rsquo;\u00e0 la fin de l&rsquo;ex\u00e9cution de ces contrats, accords ou conventions. Par la suite, les donn\u00e9es personnelles seront conserv\u00e9es dans les cas o\u00f9 des responsabilit\u00e9s peuvent survenir avec ENTEX TEXTIL et\/ou en conformit\u00e9 avec d&rsquo;autres cadres r\u00e9glementaires applicables \u00e0 ENTEX TEXTIL ou une r\u00e9glementation ayant rang de loi qui exige la conservation de ces donn\u00e9es.  <\/li><li>Gestion du Curriculum Vitae : en r\u00e8gle g\u00e9n\u00e9rale, ENTEX TETIL conservera votre Curriculum Vitae pendant une p\u00e9riode maximale d&rsquo;un an. A l&rsquo;issue de cette p\u00e9riode, il sera automatiquement d\u00e9truit, dans le respect du principe de qualit\u00e9 des donn\u00e9es. <\/li><li>Autres : les autres donn\u00e9es et informations fournies par l&rsquo;utilisateur par quelque moyen que ce soit seront conserv\u00e9es aussi longtemps que n\u00e9cessaire pour atteindre l&rsquo;objectif pour lequel elles ont \u00e9t\u00e9 collect\u00e9es.<\/li><li>En tout \u00e9tat de cause, les donn\u00e9es \u00e0 caract\u00e8re personnel sont conserv\u00e9es de mani\u00e8re \u00e0 permettre l&rsquo;identification et l&rsquo;exercice des droits des personnes concern\u00e9es, et dans le respect des mesures techniques, juridiques et organisationnelles n\u00e9cessaires pour garantir la confidentialit\u00e9 et l&rsquo;int\u00e9grit\u00e9 de ces donn\u00e9es.<\/li><\/ul><h2>4. L\u00e9gitimation du traitement<\/h2><p><br>La base juridique qui permet \u00e0 ENTEX TEXTIL de traiter les donn\u00e9es personnelles des utilisateurs, donateurs, b\u00e9n\u00e9ficiaires et autres parties int\u00e9ress\u00e9es est la suivante :<\/p><ul><li>l&rsquo;application de mesures pr\u00e9contractuelles et l&rsquo;ex\u00e9cution d&rsquo;un contrat pour effectuer le traitement, la gestion et la mise en \u0153uvre de l&rsquo;un de nos programmes ou projets.<\/li><li>L&rsquo;int\u00e9r\u00eat l\u00e9gitime d&rsquo;ENTEX TEXTIL \u00e0 g\u00e9rer toute demande d&rsquo;information ou de renseignement sur nos activit\u00e9s.<\/li><li>Consentement donn\u00e9 par les candidats \u00e0 des fins de recrutement et de s\u00e9lection.<\/li><li>Si vous concluez un contrat, un accord ou un arrangement avec nous, vous avez droit \u00e0 l&rsquo;ex\u00e9cution de ce contrat, de cet accord ou de cet arrangement.<\/li><li>Le consentement de l&rsquo;int\u00e9ress\u00e9 \u00e0 l&rsquo;envoi de communications informatives,<br>offres commerciales ou promotionnelles li\u00e9es \u00e0 nos activit\u00e9s, par courrier \u00e9lectronique ou tout autre moyen.<\/li><li>Respect d&rsquo;une obligation l\u00e9gale de traiter les demandes d&rsquo;exercice des droits en mati\u00e8re de protection des donn\u00e9es \u00e0 caract\u00e8re personnel.<\/li><li>L&rsquo;accomplissement d&rsquo;une obligation l\u00e9gale, pour g\u00e9rer les communications et\/ou les plaintes faites par l&rsquo;utilisateur \u00e0 travers le canal d&rsquo;\u00e9thique, de communication et de plaintes d&rsquo;ENTEX TEXTIL.<\/li><\/ul><h2>5. Destinataires<\/h2><p><br>Les donn\u00e9es seront communiqu\u00e9es au d\u00e9partement des ressources humaines en sa qualit\u00e9 de responsable du traitement des donn\u00e9es, domicili\u00e9 \u00e0 Avda. de las Canteras 26, Pol\u00edgono Valmor, 28343 Valdemoro (Madrid) et \u00e0 l&rsquo;adresse \u00e9lectronique <a href=\"mailto:info@entextextil.com\">info@entextextil.com, et seront partag\u00e9es avec les administrations et autres organismes publics dans les cas o\u00f9 cela est impos\u00e9 par une obligation l\u00e9gale ou par une d\u00e9cision de justice .<\/a><\/p><p>Il n&rsquo;y aura pas de transfert international de donn\u00e9es vers des pays tiers.<\/p><p>De m\u00eame, vos donn\u00e9es \u00e0 caract\u00e8re personnel peuvent \u00eatre transf\u00e9r\u00e9es \u00e0 des tiers, avec lesquels un contrat est formalis\u00e9 d\u00e9finissant les obligations et les responsabilit\u00e9s qu&rsquo;ils assument dans le cadre du traitement des donn\u00e9es, en leur qualit\u00e9 de responsables du traitement des donn\u00e9es.<\/p><h2>6. L&rsquo;origine<\/h2><p><br>Les donn\u00e9es personnelles sont collect\u00e9es directement aupr\u00e8s des personnes concern\u00e9es et de nos partenaires.<\/p><p>Les cat\u00e9gories de donn\u00e9es personnelles qui nous sont fournies par nos employ\u00e9s sont les suivantes :<\/p><ul><li>Donn\u00e9es d&rsquo;identification.<br>o Adresses postales ou \u00e9lectroniques.<\/li><li>Num\u00e9ros de t\u00e9l\u00e9phone de contact.<br>Aucune cat\u00e9gorie particuli\u00e8re de donn\u00e9es n&rsquo;est trait\u00e9e.<\/li><\/ul><h2>7. Les droits<\/h2><p><br>Droit d&rsquo;acc\u00e8s, de rectification et de suppression : les personnes int\u00e9ress\u00e9es ont le droit d&rsquo;obtenir la confirmation qu&rsquo;ENTEX TEXTIL traite ou non des donn\u00e9es \u00e0 caract\u00e8re personnel les concernant. Les int\u00e9ress\u00e9s ont le droit d&rsquo;acc\u00e9der \u00e0 leurs donn\u00e9es personnelles, ainsi que de demander la rectification des donn\u00e9es inexactes ou de demander leur suppression lorsque, entre autres raisons, les donn\u00e9es ne sont plus n\u00e9cessaires aux fins pour lesquelles elles ont \u00e9t\u00e9 collect\u00e9es. <\/p><p>Droit de limitation et d&rsquo;opposition : Dans certaines circonstances, les personnes concern\u00e9es peuvent nous demander de limiter le traitement de leurs donn\u00e9es, auquel cas nous ne conserverons les donn\u00e9es qu&rsquo;aux fins de l&rsquo;exercice ou de la d\u00e9fense de r\u00e9clamations. Dans certaines circonstances et pour des raisons li\u00e9es \u00e0 leur situation particuli\u00e8re, les personnes concern\u00e9es peuvent s&rsquo;opposer au traitement de leurs donn\u00e9es. Dans ce cas, ENTEX TEXTIL cessera de traiter les donn\u00e9es, sauf pour des raisons l\u00e9gitimes imp\u00e9rieuses, ou pour l&rsquo;exercice ou la d\u00e9fense d&rsquo;\u00e9ventuelles r\u00e9clamations.  <\/p><p>Ces droits peuvent \u00eatre exerc\u00e9s par l&rsquo;interm\u00e9diaire de notre canal d&rsquo;\u00e9thique, de communication et de r\u00e9clamation, comme expliqu\u00e9 dans la section suivante.<\/p><p>Vous devez pr\u00e9ciser lequel de ces droits vous demandez \u00e0 \u00eatre satisfait et, \u00e0 votre tour, vous devez \u00eatre accompagn\u00e9 d&rsquo;une photocopie de votre carte d&rsquo;identit\u00e9 ou d&rsquo;un document d&rsquo;identification \u00e9quivalent. Si vous agissez par l&rsquo;interm\u00e9diaire d&rsquo;un repr\u00e9sentant, l\u00e9gal ou b\u00e9n\u00e9vole, vous devez \u00e9galement fournir un document accr\u00e9ditant la repr\u00e9sentation et un document d&rsquo;identification de ce dernier. <\/p><p>Nous vous informons \u00e9galement que vous pouvez d\u00e9poser une plainte aupr\u00e8s de l&rsquo;Autorit\u00e9 de surveillance. Si vous souhaitez obtenir plus d&rsquo;informations sur ce droit et sur la mani\u00e8re de l&rsquo;exercer, veuillez contacter l&rsquo;AEPD : <\/p><p>www.agpd.es\/<br>Tel. 901 100 099 y 91 266 35 17<br>C\/Jorge Juan, 6<br>28001-Madrid<\/p><h2>8. Attention et soutien<\/h2><p><br>Les parties int\u00e9ress\u00e9es peuvent communiquer \u00e0 ENTEX TEXTIL tout doute concernant le traitement de leurs donn\u00e9es personnelles ou l&rsquo;interpr\u00e9tation de notre politique, en contactant le d\u00e9l\u00e9gu\u00e9 \u00e0 la protection des donn\u00e9es (DPD) \u00e0 l&rsquo;adresse indiqu\u00e9e au d\u00e9but de cette politique.<\/p><h2>9. Mises \u00e0 jour et modifications<\/h2><p><br>ENTEX TETIL se r\u00e9serve le droit de modifier et\/ou de mettre \u00e0 jour les informations sur la protection des donn\u00e9es, lorsque cela s&rsquo;av\u00e8re n\u00e9cessaire pour le bon respect de la r\u00e9glementation sur la protection des donn\u00e9es. En cas de modification, le nouveau texte sera publi\u00e9 sur cette page, o\u00f9 vous pourrez acc\u00e9der \u00e0 la politique actuelle. Dans tous les cas, les relations avec les utilisateurs seront r\u00e9gies par la r\u00e9glementation en vigueur au moment pr\u00e9cis o\u00f9 vous acc\u00e9dez au site web.  <\/p><p>(Derni\u00e8re mise \u00e0 jour : 07\/04\/2025)<\/p><\/div><\/div><\/div>\t\t\t\t\t\t\t\t<\/div>\n\t\t\t\t<\/div>\n\t\t\t\t\t<\/div>\n\t\t\t\t<\/div>\n\t\t\t\t<\/div>\n\t\t","protected":false},"excerpt":{"rendered":"<p>Entex Textil\u00ae Politique de confidentialit\u00e9 1. Responsable du traitement Le responsable du traitement de vos donn\u00e9es personnelles est: ENTEX TEXTIL [&hellip;]<\/p>\n","protected":false},"author":1,"featured_media":0,"parent":0,"menu_order":0,"comment_status":"closed","ping_status":"closed","template":"","meta":{"site-sidebar-layout":"no-sidebar","site-content-layout":"","ast-site-content-layout":"full-width-container","site-content-style":"default","site-sidebar-style":"default","ast-global-header-display":"","ast-banner-title-visibility":"","ast-main-header-display":"","ast-hfb-above-header-display":"","ast-hfb-below-header-display":"","ast-hfb-mobile-header-display":"","site-post-title":"disabled","ast-breadcrumbs-content":"","ast-featured-img":"disabled","footer-sml-layout":"","ast-disable-related-posts":"","theme-transparent-header-meta":"","adv-header-id-meta":"","stick-header-meta":"","header-above-stick-meta":"","header-main-stick-meta":"","header-below-stick-meta":"","astra-migrate-meta-layouts":"default","ast-page-background-enabled":"default","ast-page-background-meta":{"desktop":{"background-color":"var(--ast-global-color-4)","background-image":"","background-repeat":"repeat","background-position":"center center","background-size":"auto","background-attachment":"scroll","background-type":"","background-media":"","overlay-type":"","overlay-color":"","overlay-opacity":"","overlay-gradient":""},"tablet":{"background-color":"","background-image":"","background-repeat":"repeat","background-position":"center center","background-size":"auto","background-attachment":"scroll","background-type":"","background-media":"","overlay-type":"","overlay-color":"","overlay-opacity":"","overlay-gradient":""},"mobile":{"background-color":"","background-image":"","background-repeat":"repeat","background-position":"center center","background-size":"auto","background-attachment":"scroll","background-type":"","background-media":"","overlay-type":"","overlay-color":"","overlay-opacity":"","overlay-gradient":""}},"ast-content-background-meta":{"desktop":{"background-color":"var(--ast-global-color-5)","background-image":"","background-repeat":"repeat","background-position":"center center","background-size":"auto","background-attachment":"scroll","background-type":"","background-media":"","overlay-type":"","overlay-color":"","overlay-opacity":"","overlay-gradient":""},"tablet":{"background-color":"var(--ast-global-color-5)","background-image":"","background-repeat":"repeat","background-position":"center center","background-size":"auto","background-attachment":"scroll","background-type":"","background-media":"","overlay-type":"","overlay-color":"","overlay-opacity":"","overlay-gradient":""},"mobile":{"background-color":"var(--ast-global-color-5)","background-image":"","background-repeat":"repeat","background-position":"center center","background-size":"auto","background-attachment":"scroll","background-type":"","background-media":"","overlay-type":"","overlay-color":"","overlay-opacity":"","overlay-gradient":""}},"footnotes":""},"class_list":["post-4015","page","type-page","status-publish","hentry"],"yoast_head":"<!-- This site is optimized with the Yoast SEO plugin v27.5 - https:\/\/yoast.com\/product\/yoast-seo-wordpress\/ -->\n<title>Politique de confidentialit\u00e9 - Entex Textil<\/title>\n<meta name=\"robots\" content=\"noindex, nofollow\" \/>\n<meta property=\"og:locale\" content=\"fr_FR\" \/>\n<meta property=\"og:type\" content=\"article\" \/>\n<meta property=\"og:title\" content=\"Politique de confidentialit\u00e9 - Entex Textil\" \/>\n<meta property=\"og:description\" content=\"Entex Textil\u00ae Politique de confidentialit\u00e9 1. Responsable du traitement Le responsable du traitement de vos donn\u00e9es personnelles est: ENTEX TEXTIL [&hellip;]\" \/>\n<meta property=\"og:url\" content=\"https:\/\/entextextil.com\/fr\/politique-de-confidentialite\/\" \/>\n<meta property=\"og:site_name\" content=\"Entex Textil\" \/>\n<meta property=\"article:modified_time\" content=\"2025-06-05T17:16:37+00:00\" \/>\n<meta name=\"twitter:card\" content=\"summary_large_image\" \/>\n<meta name=\"twitter:label1\" content=\"Dur\u00e9e de lecture estim\u00e9e\" \/>\n\t<meta name=\"twitter:data1\" content=\"10 minutes\" \/>\n<script type=\"application\/ld+json\" class=\"yoast-schema-graph\">{\"@context\":\"https:\\\/\\\/schema.org\",\"@graph\":[{\"@type\":\"WebPage\",\"@id\":\"https:\\\/\\\/entextextil.com\\\/fr\\\/politique-de-confidentialite\\\/\",\"url\":\"https:\\\/\\\/entextextil.com\\\/fr\\\/politique-de-confidentialite\\\/\",\"name\":\"Politique de confidentialit\u00e9 - Entex Textil\",\"isPartOf\":{\"@id\":\"https:\\\/\\\/entextextil.com\\\/fr\\\/#website\"},\"datePublished\":\"2025-04-07T15:30:30+00:00\",\"dateModified\":\"2025-06-05T17:16:37+00:00\",\"breadcrumb\":{\"@id\":\"https:\\\/\\\/entextextil.com\\\/fr\\\/politique-de-confidentialite\\\/#breadcrumb\"},\"inLanguage\":\"fr-FR\",\"potentialAction\":[{\"@type\":\"ReadAction\",\"target\":[\"https:\\\/\\\/entextextil.com\\\/fr\\\/politique-de-confidentialite\\\/\"]}]},{\"@type\":\"BreadcrumbList\",\"@id\":\"https:\\\/\\\/entextextil.com\\\/fr\\\/politique-de-confidentialite\\\/#breadcrumb\",\"itemListElement\":[{\"@type\":\"ListItem\",\"position\":1,\"name\":\"Portada\",\"item\":\"https:\\\/\\\/entextextil.com\\\/fr\\\/home\\\/\"},{\"@type\":\"ListItem\",\"position\":2,\"name\":\"Politique de confidentialit\u00e9\"}]},{\"@type\":\"WebSite\",\"@id\":\"https:\\\/\\\/entextextil.com\\\/fr\\\/#website\",\"url\":\"https:\\\/\\\/entextextil.com\\\/fr\\\/\",\"name\":\"Entex Textil\",\"description\":\"Empresa textil especializada en tejidos y acabados de alta calidad\",\"publisher\":{\"@id\":\"https:\\\/\\\/entextextil.com\\\/fr\\\/#organization\"},\"potentialAction\":[{\"@type\":\"SearchAction\",\"target\":{\"@type\":\"EntryPoint\",\"urlTemplate\":\"https:\\\/\\\/entextextil.com\\\/fr\\\/?s={search_term_string}\"},\"query-input\":{\"@type\":\"PropertyValueSpecification\",\"valueRequired\":true,\"valueName\":\"search_term_string\"}}],\"inLanguage\":\"fr-FR\"},{\"@type\":\"Organization\",\"@id\":\"https:\\\/\\\/entextextil.com\\\/fr\\\/#organization\",\"name\":\"Entex Textil\",\"url\":\"https:\\\/\\\/entextextil.com\\\/fr\\\/\",\"logo\":{\"@type\":\"ImageObject\",\"inLanguage\":\"fr-FR\",\"@id\":\"https:\\\/\\\/entextextil.com\\\/fr\\\/#\\\/schema\\\/logo\\\/image\\\/\",\"url\":\"https:\\\/\\\/entextextil.com\\\/wp-content\\\/uploads\\\/2024\\\/12\\\/logo_entex-1.webp\",\"contentUrl\":\"https:\\\/\\\/entextextil.com\\\/wp-content\\\/uploads\\\/2024\\\/12\\\/logo_entex-1.webp\",\"width\":406,\"height\":160,\"caption\":\"Entex Textil\"},\"image\":{\"@id\":\"https:\\\/\\\/entextextil.com\\\/fr\\\/#\\\/schema\\\/logo\\\/image\\\/\"},\"sameAs\":[\"https:\\\/\\\/www.linkedin.com\\\/company\\\/entex-textil\\\/\"]}]}<\/script>\n<!-- \/ Yoast SEO plugin. -->","yoast_head_json":{"title":"Politique de confidentialit\u00e9 - Entex Textil","robots":{"index":"noindex","follow":"nofollow"},"og_locale":"fr_FR","og_type":"article","og_title":"Politique de confidentialit\u00e9 - Entex Textil","og_description":"Entex Textil\u00ae Politique de confidentialit\u00e9 1. Responsable du traitement Le responsable du traitement de vos donn\u00e9es personnelles est: ENTEX TEXTIL [&hellip;]","og_url":"https:\/\/entextextil.com\/fr\/politique-de-confidentialite\/","og_site_name":"Entex Textil","article_modified_time":"2025-06-05T17:16:37+00:00","twitter_card":"summary_large_image","twitter_misc":{"Dur\u00e9e de lecture estim\u00e9e":"10 minutes"},"schema":{"@context":"https:\/\/schema.org","@graph":[{"@type":"WebPage","@id":"https:\/\/entextextil.com\/fr\/politique-de-confidentialite\/","url":"https:\/\/entextextil.com\/fr\/politique-de-confidentialite\/","name":"Politique de confidentialit\u00e9 - Entex Textil","isPartOf":{"@id":"https:\/\/entextextil.com\/fr\/#website"},"datePublished":"2025-04-07T15:30:30+00:00","dateModified":"2025-06-05T17:16:37+00:00","breadcrumb":{"@id":"https:\/\/entextextil.com\/fr\/politique-de-confidentialite\/#breadcrumb"},"inLanguage":"fr-FR","potentialAction":[{"@type":"ReadAction","target":["https:\/\/entextextil.com\/fr\/politique-de-confidentialite\/"]}]},{"@type":"BreadcrumbList","@id":"https:\/\/entextextil.com\/fr\/politique-de-confidentialite\/#breadcrumb","itemListElement":[{"@type":"ListItem","position":1,"name":"Portada","item":"https:\/\/entextextil.com\/fr\/home\/"},{"@type":"ListItem","position":2,"name":"Politique de confidentialit\u00e9"}]},{"@type":"WebSite","@id":"https:\/\/entextextil.com\/fr\/#website","url":"https:\/\/entextextil.com\/fr\/","name":"Entex Textil","description":"Empresa textil especializada en tejidos y acabados de alta calidad","publisher":{"@id":"https:\/\/entextextil.com\/fr\/#organization"},"potentialAction":[{"@type":"SearchAction","target":{"@type":"EntryPoint","urlTemplate":"https:\/\/entextextil.com\/fr\/?s={search_term_string}"},"query-input":{"@type":"PropertyValueSpecification","valueRequired":true,"valueName":"search_term_string"}}],"inLanguage":"fr-FR"},{"@type":"Organization","@id":"https:\/\/entextextil.com\/fr\/#organization","name":"Entex Textil","url":"https:\/\/entextextil.com\/fr\/","logo":{"@type":"ImageObject","inLanguage":"fr-FR","@id":"https:\/\/entextextil.com\/fr\/#\/schema\/logo\/image\/","url":"https:\/\/entextextil.com\/wp-content\/uploads\/2024\/12\/logo_entex-1.webp","contentUrl":"https:\/\/entextextil.com\/wp-content\/uploads\/2024\/12\/logo_entex-1.webp","width":406,"height":160,"caption":"Entex Textil"},"image":{"@id":"https:\/\/entextextil.com\/fr\/#\/schema\/logo\/image\/"},"sameAs":["https:\/\/www.linkedin.com\/company\/entex-textil\/"]}]}},"_links":{"self":[{"href":"https:\/\/entextextil.com\/fr\/wp-json\/wp\/v2\/pages\/4015","targetHints":{"allow":["GET"]}}],"collection":[{"href":"https:\/\/entextextil.com\/fr\/wp-json\/wp\/v2\/pages"}],"about":[{"href":"https:\/\/entextextil.com\/fr\/wp-json\/wp\/v2\/types\/page"}],"author":[{"embeddable":true,"href":"https:\/\/entextextil.com\/fr\/wp-json\/wp\/v2\/users\/1"}],"replies":[{"embeddable":true,"href":"https:\/\/entextextil.com\/fr\/wp-json\/wp\/v2\/comments?post=4015"}],"version-history":[{"count":0,"href":"https:\/\/entextextil.com\/fr\/wp-json\/wp\/v2\/pages\/4015\/revisions"}],"wp:attachment":[{"href":"https:\/\/entextextil.com\/fr\/wp-json\/wp\/v2\/media?parent=4015"}],"curies":[{"name":"wp","href":"https:\/\/api.w.org\/{rel}","templated":true}]}}