{"id":4003,"date":"2025-04-07T16:56:23","date_gmt":"2025-04-07T14:56:23","guid":{"rendered":"https:\/\/entextextil.com\/mentions-legales\/"},"modified":"2025-06-05T19:24:08","modified_gmt":"2025-06-05T17:24:08","slug":"mentions-legales","status":"publish","type":"page","link":"https:\/\/entextextil.com\/fr\/mentions-legales\/","title":{"rendered":"Mentions l\u00e9gales"},"content":{"rendered":"\t\t<div data-elementor-type=\"wp-page\" data-elementor-id=\"4003\" class=\"elementor elementor-4003 elementor-2577\" data-elementor-post-type=\"page\">\n\t\t\t\t<div class=\"elementor-element elementor-element-fdb26bd e-flex e-con-boxed e-con e-parent\" data-id=\"fdb26bd\" data-element_type=\"container\" data-e-type=\"container\" data-settings=\"{&quot;background_background&quot;:&quot;classic&quot;,&quot;_ha_eqh_enable&quot;:false}\">\n\t\t\t\t\t<div class=\"e-con-inner\">\n\t\t<div class=\"elementor-element elementor-element-fa1222f e-con-full e-flex e-con e-child\" data-id=\"fa1222f\" data-element_type=\"container\" data-e-type=\"container\" data-settings=\"{&quot;_ha_eqh_enable&quot;:false}\">\n\t\t<div class=\"elementor-element elementor-element-8b08ad1 e-con-full e-flex e-con e-child\" data-id=\"8b08ad1\" data-element_type=\"container\" data-e-type=\"container\" data-settings=\"{&quot;_ha_eqh_enable&quot;:false}\">\n\t\t\t\t<div class=\"elementor-element elementor-element-6ec4563 animated-fast elementor-widget__width-auto elementor-invisible elementor-widget elementor-widget-heading\" data-id=\"6ec4563\" data-element_type=\"widget\" data-e-type=\"widget\" data-settings=\"{&quot;_animation&quot;:&quot;fadeInUp&quot;}\" data-widget_type=\"heading.default\">\n\t\t\t\t<div class=\"elementor-widget-container\">\n\t\t\t\t\t<p class=\"elementor-heading-title elementor-size-default\">Entex<\/p>\t\t\t\t<\/div>\n\t\t\t\t<\/div>\n\t\t\t\t<div class=\"elementor-element elementor-element-5d94b37 animated-fast elementor-invisible elementor-widget elementor-widget-heading\" data-id=\"5d94b37\" data-element_type=\"widget\" data-e-type=\"widget\" data-settings=\"{&quot;_animation&quot;:&quot;fadeInUp&quot;}\" data-widget_type=\"heading.default\">\n\t\t\t\t<div class=\"elementor-widget-container\">\n\t\t\t\t\t<p class=\"elementor-heading-title elementor-size-default\">Textil\u00ae<\/p>\t\t\t\t<\/div>\n\t\t\t\t<\/div>\n\t\t\t\t<\/div>\n\t\t<div class=\"elementor-element elementor-element-f178c47 e-con-full e-flex e-con e-child\" data-id=\"f178c47\" data-element_type=\"container\" data-e-type=\"container\" data-settings=\"{&quot;_ha_eqh_enable&quot;:false}\">\n\t\t\t\t<div class=\"elementor-element elementor-element-91ab13e animated-fast elementor-invisible elementor-widget elementor-widget-heading\" data-id=\"91ab13e\" data-element_type=\"widget\" data-e-type=\"widget\" data-settings=\"{&quot;_animation&quot;:&quot;fadeInUp&quot;}\" data-widget_type=\"heading.default\">\n\t\t\t\t<div class=\"elementor-widget-container\">\n\t\t\t\t\t<h1 class=\"elementor-heading-title elementor-size-default\">Mentions l\u00e9gales<\/h1>\t\t\t\t<\/div>\n\t\t\t\t<\/div>\n\t\t\t\t<\/div>\n\t\t\t\t<\/div>\n\t\t\t\t\t<\/div>\n\t\t\t\t<\/div>\n\t\t<div class=\"elementor-element elementor-element-b7d971d e-flex e-con-boxed e-con e-parent\" data-id=\"b7d971d\" data-element_type=\"container\" data-e-type=\"container\" data-settings=\"{&quot;_ha_eqh_enable&quot;:false}\">\n\t\t\t\t\t<div class=\"e-con-inner\">\n\t\t\t\t<div class=\"elementor-element elementor-element-7f1a4ab elementor-widget elementor-widget-text-editor\" data-id=\"7f1a4ab\" data-element_type=\"widget\" data-e-type=\"widget\" data-widget_type=\"text-editor.default\">\n\t\t\t\t<div class=\"elementor-widget-container\">\n\t\t\t\t\t\t\t\t\t<div class=\"elementor-element elementor-element-a6517ee e-con-full e-flex e-con e-child\" data-id=\"a6517ee\" data-element_type=\"container\"><div class=\"elementor-element elementor-element-38af110 elementor-widget elementor-widget-heading\" data-id=\"38af110\" data-element_type=\"widget\" data-widget_type=\"heading.default\"><div class=\"elementor-widget-container\"><h2>1. Mentions l\u00e9gales et conditions d&rsquo;utilisation<\/h2><p><br><strong>Informations sur le titulaire du site web<\/strong><\/p><p>Conform\u00e9ment aux dispositions de l\u2019article 10 de la Loi 34\/2002 du 11 juillet relative aux services de la soci\u00e9t\u00e9 de l\u2019information et au commerce \u00e9lectronique, les informations suivantes sont fournies:<\/p><p><strong>Titulaire du site web:<\/strong> ENTEX TEXTIL S.L. <br><strong>Si\u00e8ge social: <\/strong>Avda. de las Canteras 26, Pol\u00edgono Valmor, 28343 Valdemoro (Madrid) <br><strong>N.I.F.: <\/strong>B23010341 <br><strong>E-mail: <\/strong><a href=\"mailto:info@entextextil.com\">info@entextextil.com <\/a><br><strong>T\u00e9l\u00e9phone:<\/strong> <a href=\"tel:+34918953012\">+34 91 895 30 12<\/a><\/p><h2>2. Objet et champ d&rsquo;application<\/h2><p><br>Les pr\u00e9sentes conditions d&rsquo;utilisation r\u00e9gissent l&rsquo;acc\u00e8s, la navigation et l&rsquo;utilisation du site web d&rsquo;ENTEX TEXTIL (ci-apr\u00e8s, \u00ab le site web \u00bb), ainsi que les responsabilit\u00e9s d\u00e9riv\u00e9es de l&rsquo;utilisation de ses contenus (on entend par \u00ab contenus \u00bb les textes, graphiques, dessins, conceptions, codes, logiciels, photographies, musiques, vid\u00e9os, sons, bases de donn\u00e9es, images, expressions et informations, ainsi que toute autre cr\u00e9ation prot\u00e9g\u00e9e par les lois nationales et les trait\u00e9s internationaux en mati\u00e8re de propri\u00e9t\u00e9 intellectuelle et industrielle). De m\u00eame, on entend par \u00ab Utilisateur \u00bb la personne qui acc\u00e8de, navigue ou utilise les services et activit\u00e9s, gratuits ou payants, d\u00e9velopp\u00e9s sur le site web. <\/p><p>Se entender\u00e1 que el acceso o la mera utilizaci\u00f3n del Sitio Web por parte del Usuario implican su adhesi\u00f3n a los T\u00e9rminos y Condiciones publicados en cada momento. En consecuencia, se invita al Usuario a que lea detenidamente los presentes T\u00e9rminos y Condiciones cada cierto tiempo. <\/p><p>Estos T\u00e9rminos y Condiciones de Uso no tienen por objeto regular cualesquiera aspectos contractuales relativos a la prestaci\u00f3n por ENTEX TEXTIL de sus servicios espec\u00edficos, limit\u00e1ndose a ser el marco jur\u00eddico de uso y acceso del Sitio Web.<\/p><h2>3. Acc\u00e8s et utilisation du site web<br><br><\/h2><p>L&rsquo;acc\u00e8s au site web par les utilisateurs est gratuit.<\/p><p>Toutes les informations fournies par l&rsquo;utilisateur sur le site web, par exemple dans la section \u00ab Contact \u00bb contenant des donn\u00e9es personnelles, sont soumises \u00e0 notre <a href=\"https:\/\/entextextil.com\/fr\/politique-de-confidentialite\/\">politique de confidentialit\u00e9<\/a>. L&rsquo;utilisateur est responsable de l&rsquo;exactitude, de l&rsquo;exhaustivit\u00e9 et de la v\u00e9racit\u00e9 des informations qu&rsquo;il fournit. <\/p><p>L&rsquo;acc\u00e8s, la navigation et l&rsquo;utilisation du site Web rel\u00e8vent de la responsabilit\u00e9 de l&rsquo;utilisateur, qui s&rsquo;engage \u00e0 respecter scrupuleusement les instructions suppl\u00e9mentaires donn\u00e9es par ENTEX TEXTIL concernant l&rsquo;utilisation du site Web et de ses contenus, et \u00e0 ne pas utiliser le service d&rsquo;ENTEX TEXTIL ou ses contenus d&rsquo;une mani\u00e8re qui ne soit pas express\u00e9ment autoris\u00e9e par les pr\u00e9sentes conditions.<\/p><p>En acc\u00e9dant au site web et en l&rsquo;utilisant, l&rsquo;utilisateur accepte le contenu de ces conditions.<\/p><p>En particulier, l&rsquo;utilisateur s&rsquo;abstient de :<\/p><ul><li>Utiliser les contenus inclus dans le site web \u00e0 des fins ou effets contraires \u00e0 la loi, \u00e0 la morale et aux bonnes coutumes g\u00e9n\u00e9ralement accept\u00e9es ou \u00e0 l&rsquo;ordre public ;<\/li><li>Reproduire ou copier, distribuer, permettre l&rsquo;acc\u00e8s public \u00e0 travers toute forme de communication publique, transformer ou modifier les contenus, \u00e0 moins d&rsquo;y \u00eatre autoris\u00e9 par le titulaire des droits correspondants ou d&rsquo;y \u00eatre l\u00e9galement autoris\u00e9 ;<\/li><li>Utiliser le contenu et, en particulier, les informations obtenues par le biais du site Web \u00e0 des fins publicitaires.<\/li><li>Fournir des informations personnelles vous concernant ou en rapport avec votre utilisation et votre acc\u00e8s au site web qui sont fausses ou qui ont \u00e9t\u00e9 obtenues de mani\u00e8re ill\u00e9gale.<\/li><li>Causer des dommages aux syst\u00e8mes physiques et logiques d&rsquo;ENTEX TEXTIL, de ses fournisseurs ou de tiers, en introduisant ou en propageant des virus informatiques ou tout autre syst\u00e8me physique ou logique susceptible de causer les dommages susmentionn\u00e9s.<\/li><li>Tenter d&rsquo;acc\u00e9der et, le cas \u00e9ch\u00e9ant, d&rsquo;utiliser les comptes de courrier \u00e9lectronique d&rsquo;autres utilisateurs et de modifier ou de manipuler leurs messages. ENTEX TEXTIL se r\u00e9serve le droit de supprimer tous les commentaires et contributions qui violent le respect de la dignit\u00e9 de la personne, qui sont discriminatoires, x\u00e9nophobes, racistes, pornographiques, qui portent atteinte \u00e0 la jeunesse ou \u00e0 l&rsquo;enfance, \u00e0 l&rsquo;ordre ou \u00e0 la s\u00e9curit\u00e9 publique ou qui, \u00e0 son avis, ne sont pas appropri\u00e9s pour la publication. Dans tous les cas, ENTEX TEXTIL ne sera pas responsable des opinions exprim\u00e9es par les utilisateurs \u00e0 travers les forums, chats ou autres outils de participation.  <\/li><\/ul><h2>4. Droits d\u00e9tenus par ENTEX TEXTIL<br><br><\/h2><p>ENTEX TEXTIL est titulaire de tous les droits de propri\u00e9t\u00e9 intellectuelle et industrielle sur le site web, y compris le nom de domaine et tous les contenus disponibles \u00e0 travers celui-ci. En aucun cas, il ne faut comprendre que le simple acc\u00e8s ou la navigation de l&rsquo;utilisateur sur le site Web implique un quelconque type de transmission, de licence ou de cession totale ou partielle desdits droits par ENTEX TEXTIL en faveur de l&rsquo;utilisateur, ni que l&rsquo;utilisateur est autoris\u00e9 \u00e0 utiliser ou \u00e0 exploiter publiquement lesdits droits. <\/p><p>Il est strictement interdit de supprimer ou de manipuler l&rsquo;avis de copyright et toute autre donn\u00e9e identifiant ou reconnaissant la propri\u00e9t\u00e9 exclusive des droits d&rsquo;ENTEX TEXTIL en relation avec le site Web ou les contenus prot\u00e9g\u00e9s qui s&rsquo;y trouvent.<\/p><p>De m\u00eame, il est strictement interdit de reproduire, distribuer, communiquer publiquement, r\u00e9utiliser, extraire, envoyer par courrier, modifier ou utiliser publiquement de quelque mani\u00e8re que ce soit tout ou partie des contenus inclus dans le site Web.<\/p><h2>5. Responsabilit\u00e9s et garanties<br><br><\/h2><p>ENTEX TEXTIL g\u00e8re le site Web avec diligence et, par cons\u00e9quent, s&rsquo;efforce \u00e0 tout moment de maintenir une information compl\u00e8te et exacte sur tous les services qu&rsquo;elle offre, en l&rsquo;actualisant \u00e0 tout moment. Cependant, il est possible que, occasionnellement, il y ait une certaine divergence entre les informations offertes sur le site Web et la r\u00e9alit\u00e9 du service effectivement fourni. C&rsquo;est pourquoi l&rsquo;utilisateur est invit\u00e9 \u00e0 visiter r\u00e9guli\u00e8rement le site web.  <\/p><p>ENTEX TEXTIL a adopt\u00e9 \u00e0 tout moment les mesures appropri\u00e9es, conform\u00e9ment \u00e0 l&rsquo;\u00e9tat de l&rsquo;art connu \u00e0 ce jour, pour garantir le bon fonctionnement du site Web et pr\u00e9venir l&rsquo;existence de virus ou de programmes informatiques susceptibles de causer des dommages aux utilisateurs.<\/p><p>Cependant, la s\u00e9curit\u00e9 informatique n&rsquo;est pas infaillible et est expos\u00e9e \u00e0 certains risques en raison de l&rsquo;activit\u00e9 in\u00e9vitable des pirates informatiques et des programmeurs de virus ou de logiciels malveillants. Par cons\u00e9quent, bien qu&rsquo;ENTEX TEXTIL s&rsquo;efforce d&rsquo;\u00e9viter ce type de programmes et qu&rsquo;elle mette \u00e0 jour en permanence la s\u00e9curit\u00e9 de son ordinateur et de son syst\u00e8me, ENTEX TEXTIL ne peut garantir ni \u00eatre tenue pour responsable des dommages subis par l&rsquo;utilisateur du fait de : <\/p><ul><li>les pannes ou interruptions de service du site web ;<\/li><li>Les virus ou les programmes informatiques ou tout \u00e9l\u00e9ment con\u00e7u pour une attaque cybern\u00e9tique ou une infiltration des syst\u00e8mes informatiques de l&rsquo;utilisateur qui auraient \u00e9t\u00e9 install\u00e9s par inadvertance dans ceux-ci, gr\u00e2ce \u00e0 ou en cons\u00e9quence de l&rsquo;acc\u00e8s de l&rsquo;utilisateur au site web ;<\/li><li>La vuln\u00e9rabilit\u00e9 \u00e9ventuelle du site Web et des mesures de s\u00e9curit\u00e9 qui y sont adopt\u00e9es ;<\/li><\/ul><h2>6. Liens vers d&rsquo;autres sites web<br><br><\/h2><p>Sur le Site Internet, l&rsquo;Utilisateur peut trouver des liens vers d&rsquo;autres Applications ou Sites Internet g\u00e9r\u00e9s par des tiers, tels que, par exemple : Twitter, Facebook, YouTube ou Instagram. ENTEX TEXTIL n&rsquo;a pas le pouvoir de contr\u00f4ler toutes les informations ou contenus fournis par des tiers, de sorte qu&rsquo;elle ne peut assumer aucune responsabilit\u00e9 quant \u00e0 la qualit\u00e9 et la fiabilit\u00e9 de ces derniers, ni quant \u00e0 la v\u00e9racit\u00e9 ou l&rsquo;ad\u00e9quation des contenus propos\u00e9s. <\/p><p>L&rsquo;\u00e9tablissement de tout type de lien par le site Web vers un autre site Web ou une autre application n&rsquo;implique pas l&rsquo;existence d&rsquo;un quelconque type de relation, de collaboration ou de d\u00e9pendance entre ENTEX TEXTIL et le responsable dudit site Web.<\/p><h2>7. Dur\u00e9e et modification<br><br><\/h2><p>ENTEX TEXTIL peut modifier les pr\u00e9sentes conditions g\u00e9n\u00e9rales, en tout ou en partie, en affichant les modifications sous la m\u00eame forme que les pr\u00e9sentes conditions g\u00e9n\u00e9rales. ENTEX TEXTIL fera tout son possible pour assurer la continuit\u00e9 du service et du fonctionnement du site web. Cependant, dans la mesure permise par la loi, ENTEX TEXTIL pourra r\u00e9silier, suspendre ou interrompre, \u00e0 tout moment et sans pr\u00e9avis, l&rsquo;acc\u00e8s aux contenus du site web, sans que l&rsquo;utilisateur puisse pr\u00e9tendre \u00e0 une quelconque indemnisation, que ce soit en raison de difficult\u00e9s techniques ou de maintenance.  <\/p><h2>8. D\u00e9claration de nullit\u00e9<br><br><\/h2><p>L&rsquo;\u00e9ventuelle d\u00e9claration d&rsquo;invalidit\u00e9 d&rsquo;une ou de plusieurs dispositions des pr\u00e9sentes conditions g\u00e9n\u00e9rales n&rsquo;affecte pas les autres dispositions qui n&rsquo;en sont pas affect\u00e9es.<\/p><h2>9. Droit applicable. Juridiction comp\u00e9tente <br><br><\/h2><p>Les pr\u00e9sentes conditions g\u00e9n\u00e9rales sont r\u00e9gies par la loi espagnole, sans pr\u00e9judice du site Web de toute autre r\u00e9glementation dict\u00e9e par l&rsquo;autorit\u00e9 comp\u00e9tente.<\/p><p>Toute divergence entre l&rsquo;Utilisateur et ENTEX TEXTIL concernant la validit\u00e9 et le bien-fond\u00e9 de toute disposition contenue dans les pr\u00e9sents Termes et Conditions sera r\u00e9solue judiciairement, conform\u00e9ment aux r\u00e8gles de comp\u00e9tence \u00e9tablies dans la r\u00e9glementation applicable.<\/p><\/div><\/div><\/div>\t\t\t\t\t\t\t\t<\/div>\n\t\t\t\t<\/div>\n\t\t\t\t\t<\/div>\n\t\t\t\t<\/div>\n\t\t\t\t<\/div>\n\t\t","protected":false},"excerpt":{"rendered":"<p>Entex Textil\u00ae Mentions l\u00e9gales 1. Mentions l\u00e9gales et conditions d&rsquo;utilisation Informations sur le titulaire du site web Conform\u00e9ment aux dispositions [&hellip;]<\/p>\n","protected":false},"author":1,"featured_media":0,"parent":0,"menu_order":0,"comment_status":"closed","ping_status":"closed","template":"","meta":{"site-sidebar-layout":"no-sidebar","site-content-layout":"","ast-site-content-layout":"full-width-container","site-content-style":"default","site-sidebar-style":"default","ast-global-header-display":"","ast-banner-title-visibility":"","ast-main-header-display":"","ast-hfb-above-header-display":"","ast-hfb-below-header-display":"","ast-hfb-mobile-header-display":"","site-post-title":"disabled","ast-breadcrumbs-content":"","ast-featured-img":"disabled","footer-sml-layout":"","ast-disable-related-posts":"","theme-transparent-header-meta":"","adv-header-id-meta":"","stick-header-meta":"","header-above-stick-meta":"","header-main-stick-meta":"","header-below-stick-meta":"","astra-migrate-meta-layouts":"default","ast-page-background-enabled":"default","ast-page-background-meta":{"desktop":{"background-color":"var(--ast-global-color-4)","background-image":"","background-repeat":"repeat","background-position":"center center","background-size":"auto","background-attachment":"scroll","background-type":"","background-media":"","overlay-type":"","overlay-color":"","overlay-opacity":"","overlay-gradient":""},"tablet":{"background-color":"","background-image":"","background-repeat":"repeat","background-position":"center center","background-size":"auto","background-attachment":"scroll","background-type":"","background-media":"","overlay-type":"","overlay-color":"","overlay-opacity":"","overlay-gradient":""},"mobile":{"background-color":"","background-image":"","background-repeat":"repeat","background-position":"center center","background-size":"auto","background-attachment":"scroll","background-type":"","background-media":"","overlay-type":"","overlay-color":"","overlay-opacity":"","overlay-gradient":""}},"ast-content-background-meta":{"desktop":{"background-color":"var(--ast-global-color-5)","background-image":"","background-repeat":"repeat","background-position":"center center","background-size":"auto","background-attachment":"scroll","background-type":"","background-media":"","overlay-type":"","overlay-color":"","overlay-opacity":"","overlay-gradient":""},"tablet":{"background-color":"var(--ast-global-color-5)","background-image":"","background-repeat":"repeat","background-position":"center center","background-size":"auto","background-attachment":"scroll","background-type":"","background-media":"","overlay-type":"","overlay-color":"","overlay-opacity":"","overlay-gradient":""},"mobile":{"background-color":"var(--ast-global-color-5)","background-image":"","background-repeat":"repeat","background-position":"center center","background-size":"auto","background-attachment":"scroll","background-type":"","background-media":"","overlay-type":"","overlay-color":"","overlay-opacity":"","overlay-gradient":""}},"footnotes":""},"class_list":["post-4003","page","type-page","status-publish","hentry"],"yoast_head":"<!-- This site is optimized with the Yoast SEO plugin v27.5 - https:\/\/yoast.com\/product\/yoast-seo-wordpress\/ -->\n<title>Mentions l\u00e9gales - Entex Textil<\/title>\n<meta name=\"robots\" content=\"noindex, nofollow\" \/>\n<meta property=\"og:locale\" content=\"fr_FR\" \/>\n<meta property=\"og:type\" content=\"article\" \/>\n<meta property=\"og:title\" content=\"Mentions l\u00e9gales - Entex Textil\" \/>\n<meta property=\"og:description\" content=\"Entex Textil\u00ae Mentions l\u00e9gales 1. Mentions l\u00e9gales et conditions d&rsquo;utilisation Informations sur le titulaire du site web Conform\u00e9ment aux dispositions [&hellip;]\" \/>\n<meta property=\"og:url\" content=\"https:\/\/entextextil.com\/fr\/mentions-legales\/\" \/>\n<meta property=\"og:site_name\" content=\"Entex Textil\" \/>\n<meta property=\"article:modified_time\" content=\"2025-06-05T17:24:08+00:00\" \/>\n<meta name=\"twitter:card\" content=\"summary_large_image\" \/>\n<meta name=\"twitter:label1\" content=\"Dur\u00e9e de lecture estim\u00e9e\" \/>\n\t<meta name=\"twitter:data1\" content=\"11 minutes\" \/>\n<script type=\"application\/ld+json\" class=\"yoast-schema-graph\">{\"@context\":\"https:\\\/\\\/schema.org\",\"@graph\":[{\"@type\":\"WebPage\",\"@id\":\"https:\\\/\\\/entextextil.com\\\/fr\\\/mentions-legales\\\/\",\"url\":\"https:\\\/\\\/entextextil.com\\\/fr\\\/mentions-legales\\\/\",\"name\":\"Mentions l\u00e9gales - Entex Textil\",\"isPartOf\":{\"@id\":\"https:\\\/\\\/entextextil.com\\\/fr\\\/#website\"},\"datePublished\":\"2025-04-07T14:56:23+00:00\",\"dateModified\":\"2025-06-05T17:24:08+00:00\",\"breadcrumb\":{\"@id\":\"https:\\\/\\\/entextextil.com\\\/fr\\\/mentions-legales\\\/#breadcrumb\"},\"inLanguage\":\"fr-FR\",\"potentialAction\":[{\"@type\":\"ReadAction\",\"target\":[\"https:\\\/\\\/entextextil.com\\\/fr\\\/mentions-legales\\\/\"]}]},{\"@type\":\"BreadcrumbList\",\"@id\":\"https:\\\/\\\/entextextil.com\\\/fr\\\/mentions-legales\\\/#breadcrumb\",\"itemListElement\":[{\"@type\":\"ListItem\",\"position\":1,\"name\":\"Portada\",\"item\":\"https:\\\/\\\/entextextil.com\\\/fr\\\/home\\\/\"},{\"@type\":\"ListItem\",\"position\":2,\"name\":\"Mentions l\u00e9gales\"}]},{\"@type\":\"WebSite\",\"@id\":\"https:\\\/\\\/entextextil.com\\\/fr\\\/#website\",\"url\":\"https:\\\/\\\/entextextil.com\\\/fr\\\/\",\"name\":\"Entex Textil\",\"description\":\"Empresa textil especializada en tejidos y acabados de alta calidad\",\"publisher\":{\"@id\":\"https:\\\/\\\/entextextil.com\\\/fr\\\/#organization\"},\"potentialAction\":[{\"@type\":\"SearchAction\",\"target\":{\"@type\":\"EntryPoint\",\"urlTemplate\":\"https:\\\/\\\/entextextil.com\\\/fr\\\/?s={search_term_string}\"},\"query-input\":{\"@type\":\"PropertyValueSpecification\",\"valueRequired\":true,\"valueName\":\"search_term_string\"}}],\"inLanguage\":\"fr-FR\"},{\"@type\":\"Organization\",\"@id\":\"https:\\\/\\\/entextextil.com\\\/fr\\\/#organization\",\"name\":\"Entex Textil\",\"url\":\"https:\\\/\\\/entextextil.com\\\/fr\\\/\",\"logo\":{\"@type\":\"ImageObject\",\"inLanguage\":\"fr-FR\",\"@id\":\"https:\\\/\\\/entextextil.com\\\/fr\\\/#\\\/schema\\\/logo\\\/image\\\/\",\"url\":\"https:\\\/\\\/entextextil.com\\\/wp-content\\\/uploads\\\/2024\\\/12\\\/logo_entex-1.webp\",\"contentUrl\":\"https:\\\/\\\/entextextil.com\\\/wp-content\\\/uploads\\\/2024\\\/12\\\/logo_entex-1.webp\",\"width\":406,\"height\":160,\"caption\":\"Entex Textil\"},\"image\":{\"@id\":\"https:\\\/\\\/entextextil.com\\\/fr\\\/#\\\/schema\\\/logo\\\/image\\\/\"},\"sameAs\":[\"https:\\\/\\\/www.linkedin.com\\\/company\\\/entex-textil\\\/\"]}]}<\/script>\n<!-- \/ Yoast SEO plugin. -->","yoast_head_json":{"title":"Mentions l\u00e9gales - Entex Textil","robots":{"index":"noindex","follow":"nofollow"},"og_locale":"fr_FR","og_type":"article","og_title":"Mentions l\u00e9gales - Entex Textil","og_description":"Entex Textil\u00ae Mentions l\u00e9gales 1. Mentions l\u00e9gales et conditions d&rsquo;utilisation Informations sur le titulaire du site web Conform\u00e9ment aux dispositions [&hellip;]","og_url":"https:\/\/entextextil.com\/fr\/mentions-legales\/","og_site_name":"Entex Textil","article_modified_time":"2025-06-05T17:24:08+00:00","twitter_card":"summary_large_image","twitter_misc":{"Dur\u00e9e de lecture estim\u00e9e":"11 minutes"},"schema":{"@context":"https:\/\/schema.org","@graph":[{"@type":"WebPage","@id":"https:\/\/entextextil.com\/fr\/mentions-legales\/","url":"https:\/\/entextextil.com\/fr\/mentions-legales\/","name":"Mentions l\u00e9gales - Entex Textil","isPartOf":{"@id":"https:\/\/entextextil.com\/fr\/#website"},"datePublished":"2025-04-07T14:56:23+00:00","dateModified":"2025-06-05T17:24:08+00:00","breadcrumb":{"@id":"https:\/\/entextextil.com\/fr\/mentions-legales\/#breadcrumb"},"inLanguage":"fr-FR","potentialAction":[{"@type":"ReadAction","target":["https:\/\/entextextil.com\/fr\/mentions-legales\/"]}]},{"@type":"BreadcrumbList","@id":"https:\/\/entextextil.com\/fr\/mentions-legales\/#breadcrumb","itemListElement":[{"@type":"ListItem","position":1,"name":"Portada","item":"https:\/\/entextextil.com\/fr\/home\/"},{"@type":"ListItem","position":2,"name":"Mentions l\u00e9gales"}]},{"@type":"WebSite","@id":"https:\/\/entextextil.com\/fr\/#website","url":"https:\/\/entextextil.com\/fr\/","name":"Entex Textil","description":"Empresa textil especializada en tejidos y acabados de alta calidad","publisher":{"@id":"https:\/\/entextextil.com\/fr\/#organization"},"potentialAction":[{"@type":"SearchAction","target":{"@type":"EntryPoint","urlTemplate":"https:\/\/entextextil.com\/fr\/?s={search_term_string}"},"query-input":{"@type":"PropertyValueSpecification","valueRequired":true,"valueName":"search_term_string"}}],"inLanguage":"fr-FR"},{"@type":"Organization","@id":"https:\/\/entextextil.com\/fr\/#organization","name":"Entex Textil","url":"https:\/\/entextextil.com\/fr\/","logo":{"@type":"ImageObject","inLanguage":"fr-FR","@id":"https:\/\/entextextil.com\/fr\/#\/schema\/logo\/image\/","url":"https:\/\/entextextil.com\/wp-content\/uploads\/2024\/12\/logo_entex-1.webp","contentUrl":"https:\/\/entextextil.com\/wp-content\/uploads\/2024\/12\/logo_entex-1.webp","width":406,"height":160,"caption":"Entex Textil"},"image":{"@id":"https:\/\/entextextil.com\/fr\/#\/schema\/logo\/image\/"},"sameAs":["https:\/\/www.linkedin.com\/company\/entex-textil\/"]}]}},"_links":{"self":[{"href":"https:\/\/entextextil.com\/fr\/wp-json\/wp\/v2\/pages\/4003","targetHints":{"allow":["GET"]}}],"collection":[{"href":"https:\/\/entextextil.com\/fr\/wp-json\/wp\/v2\/pages"}],"about":[{"href":"https:\/\/entextextil.com\/fr\/wp-json\/wp\/v2\/types\/page"}],"author":[{"embeddable":true,"href":"https:\/\/entextextil.com\/fr\/wp-json\/wp\/v2\/users\/1"}],"replies":[{"embeddable":true,"href":"https:\/\/entextextil.com\/fr\/wp-json\/wp\/v2\/comments?post=4003"}],"version-history":[{"count":0,"href":"https:\/\/entextextil.com\/fr\/wp-json\/wp\/v2\/pages\/4003\/revisions"}],"wp:attachment":[{"href":"https:\/\/entextextil.com\/fr\/wp-json\/wp\/v2\/media?parent=4003"}],"curies":[{"name":"wp","href":"https:\/\/api.w.org\/{rel}","templated":true}]}}